{"id":1024,"date":"2014-12-07T21:14:33","date_gmt":"2014-12-07T21:14:33","guid":{"rendered":"http:\/\/laurenceaegerter.com\/artwork\/?page_id=1024"},"modified":"2026-01-09T07:58:26","modified_gmt":"2026-01-09T07:58:26","slug":"upcoming","status":"publish","type":"page","link":"https:\/\/laurenceaegerter.com\/artwork\/upcoming\/","title":{"rendered":"Upcoming"},"content":{"rendered":"\n<style type=\"text\/css\" data-created_by=\"avia_inline_auto\" id=\"style-css-av-jqqm0zzs-28d51d7e78b53191ae11e2265fa008c1\">\n#top .hr.hr-invisible.av-jqqm0zzs-28d51d7e78b53191ae11e2265fa008c1{\nheight:50px;\n}\n<\/style>\n<div  class='hr av-jqqm0zzs-28d51d7e78b53191ae11e2265fa008c1 hr-invisible  avia-builder-el-0  el_before_av_textblock  avia-builder-el-first '><span class='hr-inner '><span class=\"hr-inner-style\"><\/span><\/span><\/div>\n<section  class='av_textblock_section av-30c9qo-a28c7919b90363d4069cc3a2acb38297 '   itemscope=\"itemscope\" itemtype=\"https:\/\/schema.org\/CreativeWork\" ><div class='avia_textblock'  itemprop=\"text\" ><p><strong>2026<\/strong><\/p>\n<p>October 10th &#8211; March 1st 2026<br \/>\n<strong>Grote Kerk Breda (Church of Our Lady, Breda) &#8216;I am still standing&#8217; (NL)<\/strong><br \/>\nGroup show with a.o. Oscar Munoz and Alica Framis; curator : Marieke Wiegel.<\/p>\n<p>June 20th 2025 &#8211; June 2026<br \/>\n<strong>Commission for an art work\u00a0 in the context of &#8216;La nuit des id\u00e9es &#8211; Pouvoir agir : transformer le monde par l&#8217;art&#8217;<\/strong><br \/>\n(&#8216;The Night of Ideas: The power to act : changing the world through art&#8217;)<br \/>\nMural painting at the art center Fabrika, &#8216;The Doubt is the shadow of Thruth&#8217;, Moscow (RU)<\/p>\n<p>September 19th &#8211; July 5th 2026<br \/>\n<strong>Ch\u00e2teau de Rentilly, <\/strong><strong>&#8216;Eclats de couleurs&#8217; (FR)<br \/>\n<\/strong>group show with a.o. Laurent Lafolie<\/p>\n<p>March 25-29th<br \/>\n<strong>Art Rotterdam, Galerie Bildhalle (NL)<\/strong><\/p>\n<p>April 9-12th<br \/>\n<strong>Art Paris, Galerie Binome (FR)<\/strong><\/p>\n<p>June-September<br \/>\n<strong>&#8216;Ode aan de dagen van wijsheid&#8217; (Ode to the Days of Wisdom), solo show with a commissioned work at the Grote Kerk Alkmaar (NL)<\/strong><\/p>\n<p>October 13th &#8211; June 13th 2027<br \/>\n<strong>Commissioned work for the Museum d\u00e9partemental Albert Kahn, Les archives de la plan\u00eate, Paris (FR)<\/strong><br \/>\nIn the context of the exhibition &#8216;Un combat pour la paix: Albert Kahn (1860-1940)&#8217;<\/p>\n<p>Fall 2026<br \/>\n<strong>Solo Exhibition, Galerie Binome (FR)<\/strong><\/p>\n<p>November 11-15th<br \/>\n<strong>Paris Photo, Galerie Binome (FR)<\/strong><\/p>\n<p><strong>2027<\/strong><\/p>\n<p><strong>&#8216;Hyper Mer&#8217;, centre photographique Rouen (FR)<\/strong><br \/>\ngroup exhibition with o.a. Stephanie Solinas and Laurent Lafolie; Curator Rapha\u00eblle Stopin<\/p>\n<p><strong>October-December<\/strong><br \/>\nSolo show Kunstenlab, Deventer (NL)<\/p>\n<p>&#8212;<\/p>\n<p><strong>Monographic book <\/strong>&#8216;Ici mieux qu&#8217;en face&#8217; at <a href=\"https:\/\/www.actes-sud.fr\/catalogue\/ici-mieux-quen-face\">Actes Sud Publishers<\/a><br \/>\nArtistic direction by Fannie Escoulen, direction Actes Sud G\u00e9raldine Lay and graphic design Yann Linsart. Thanks to the generous support of the Dutch Embassy in France, Conseil G\u00e9n\u00e9ral des Bouches du Rhone, Jaap Harten Fonds, Museum Het Dolhuys, Museum of Psychiatry and the Mind, Haarlem and the Mondriaan Fund.<br \/>\n<em>Where to find it?<\/em> In The Netherlands at <a href=\"https:\/\/www.athenaeum.nl\/boek\/?authortitle=aegerter-l-\/ici-mieux-qu-en-face--9782330140663\">Atheneum Amsterdam<\/a>, in France at <a href=\"https:\/\/www.placedeslibraires.fr\/livre\/9782330140663\">Place des libraires<\/a> amongst other places<\/p>\n<\/div><\/section>\n","protected":false},"excerpt":{"rendered":"","protected":false},"author":1,"featured_media":0,"parent":0,"menu_order":2,"comment_status":"open","ping_status":"closed","template":"","meta":{"_exactmetrics_skip_tracking":false,"_exactmetrics_sitenote_active":false,"_exactmetrics_sitenote_note":"","_exactmetrics_sitenote_category":0,"jetpack_post_was_ever_published":false,"footnotes":""},"class_list":["post-1024","page","type-page","status-publish","hentry"],"yoast_head":"<!-- This site is optimized with the Yoast SEO plugin v27.4 - https:\/\/yoast.com\/product\/yoast-seo-wordpress\/ -->\n<title>Upcoming - Laurence A\u00ebgerter<\/title>\n<meta name=\"robots\" content=\"index, follow, max-snippet:-1, max-image-preview:large, max-video-preview:-1\" \/>\n<link rel=\"canonical\" href=\"https:\/\/laurenceaegerter.com\/artwork\/upcoming\/\" \/>\n<meta property=\"og:locale\" content=\"en_US\" \/>\n<meta property=\"og:type\" content=\"article\" \/>\n<meta property=\"og:title\" content=\"Upcoming - Laurence A\u00ebgerter\" \/>\n<meta property=\"og:url\" content=\"https:\/\/laurenceaegerter.com\/artwork\/upcoming\/\" \/>\n<meta property=\"og:site_name\" content=\"Laurence A\u00ebgerter\" \/>\n<meta property=\"article:modified_time\" content=\"2026-01-09T07:58:26+00:00\" \/>\n<meta name=\"twitter:label1\" content=\"Est. reading time\" \/>\n\t<meta name=\"twitter:data1\" content=\"2 minutes\" \/>\n<script type=\"application\/ld+json\" class=\"yoast-schema-graph\">{\"@context\":\"https:\\\/\\\/schema.org\",\"@graph\":[{\"@type\":\"WebPage\",\"@id\":\"https:\\\/\\\/laurenceaegerter.com\\\/artwork\\\/upcoming\\\/\",\"url\":\"https:\\\/\\\/laurenceaegerter.com\\\/artwork\\\/upcoming\\\/\",\"name\":\"Upcoming - Laurence A\u00ebgerter\",\"isPartOf\":{\"@id\":\"https:\\\/\\\/laurenceaegerter.com\\\/artwork\\\/#website\"},\"datePublished\":\"2014-12-07T21:14:33+00:00\",\"dateModified\":\"2026-01-09T07:58:26+00:00\",\"breadcrumb\":{\"@id\":\"https:\\\/\\\/laurenceaegerter.com\\\/artwork\\\/upcoming\\\/#breadcrumb\"},\"inLanguage\":\"en-US\",\"potentialAction\":[{\"@type\":\"ReadAction\",\"target\":[\"https:\\\/\\\/laurenceaegerter.com\\\/artwork\\\/upcoming\\\/\"]}]},{\"@type\":\"BreadcrumbList\",\"@id\":\"https:\\\/\\\/laurenceaegerter.com\\\/artwork\\\/upcoming\\\/#breadcrumb\",\"itemListElement\":[{\"@type\":\"ListItem\",\"position\":1,\"name\":\"Home\",\"item\":\"https:\\\/\\\/laurenceaegerter.com\\\/artwork\\\/\"},{\"@type\":\"ListItem\",\"position\":2,\"name\":\"Upcoming\"}]},{\"@type\":\"WebSite\",\"@id\":\"https:\\\/\\\/laurenceaegerter.com\\\/artwork\\\/#website\",\"url\":\"https:\\\/\\\/laurenceaegerter.com\\\/artwork\\\/\",\"name\":\"Laurence A\u00ebgerter\",\"description\":\"laur10\",\"potentialAction\":[{\"@type\":\"SearchAction\",\"target\":{\"@type\":\"EntryPoint\",\"urlTemplate\":\"https:\\\/\\\/laurenceaegerter.com\\\/artwork\\\/?s={search_term_string}\"},\"query-input\":{\"@type\":\"PropertyValueSpecification\",\"valueRequired\":true,\"valueName\":\"search_term_string\"}}],\"inLanguage\":\"en-US\"}]}<\/script>\n<!-- \/ Yoast SEO plugin. -->","yoast_head_json":{"title":"Upcoming - Laurence A\u00ebgerter","robots":{"index":"index","follow":"follow","max-snippet":"max-snippet:-1","max-image-preview":"max-image-preview:large","max-video-preview":"max-video-preview:-1"},"canonical":"https:\/\/laurenceaegerter.com\/artwork\/upcoming\/","og_locale":"en_US","og_type":"article","og_title":"Upcoming - Laurence A\u00ebgerter","og_url":"https:\/\/laurenceaegerter.com\/artwork\/upcoming\/","og_site_name":"Laurence A\u00ebgerter","article_modified_time":"2026-01-09T07:58:26+00:00","twitter_misc":{"Est. reading time":"2 minutes"},"schema":{"@context":"https:\/\/schema.org","@graph":[{"@type":"WebPage","@id":"https:\/\/laurenceaegerter.com\/artwork\/upcoming\/","url":"https:\/\/laurenceaegerter.com\/artwork\/upcoming\/","name":"Upcoming - Laurence A\u00ebgerter","isPartOf":{"@id":"https:\/\/laurenceaegerter.com\/artwork\/#website"},"datePublished":"2014-12-07T21:14:33+00:00","dateModified":"2026-01-09T07:58:26+00:00","breadcrumb":{"@id":"https:\/\/laurenceaegerter.com\/artwork\/upcoming\/#breadcrumb"},"inLanguage":"en-US","potentialAction":[{"@type":"ReadAction","target":["https:\/\/laurenceaegerter.com\/artwork\/upcoming\/"]}]},{"@type":"BreadcrumbList","@id":"https:\/\/laurenceaegerter.com\/artwork\/upcoming\/#breadcrumb","itemListElement":[{"@type":"ListItem","position":1,"name":"Home","item":"https:\/\/laurenceaegerter.com\/artwork\/"},{"@type":"ListItem","position":2,"name":"Upcoming"}]},{"@type":"WebSite","@id":"https:\/\/laurenceaegerter.com\/artwork\/#website","url":"https:\/\/laurenceaegerter.com\/artwork\/","name":"Laurence A\u00ebgerter","description":"laur10","potentialAction":[{"@type":"SearchAction","target":{"@type":"EntryPoint","urlTemplate":"https:\/\/laurenceaegerter.com\/artwork\/?s={search_term_string}"},"query-input":{"@type":"PropertyValueSpecification","valueRequired":true,"valueName":"search_term_string"}}],"inLanguage":"en-US"}]}},"jetpack_sharing_enabled":true,"jetpack_shortlink":"https:\/\/wp.me\/P9O3R8-gw","_links":{"self":[{"href":"https:\/\/laurenceaegerter.com\/artwork\/wp-json\/wp\/v2\/pages\/1024","targetHints":{"allow":["GET"]}}],"collection":[{"href":"https:\/\/laurenceaegerter.com\/artwork\/wp-json\/wp\/v2\/pages"}],"about":[{"href":"https:\/\/laurenceaegerter.com\/artwork\/wp-json\/wp\/v2\/types\/page"}],"author":[{"embeddable":true,"href":"https:\/\/laurenceaegerter.com\/artwork\/wp-json\/wp\/v2\/users\/1"}],"replies":[{"embeddable":true,"href":"https:\/\/laurenceaegerter.com\/artwork\/wp-json\/wp\/v2\/comments?post=1024"}],"version-history":[{"count":295,"href":"https:\/\/laurenceaegerter.com\/artwork\/wp-json\/wp\/v2\/pages\/1024\/revisions"}],"predecessor-version":[{"id":8650,"href":"https:\/\/laurenceaegerter.com\/artwork\/wp-json\/wp\/v2\/pages\/1024\/revisions\/8650"}],"wp:attachment":[{"href":"https:\/\/laurenceaegerter.com\/artwork\/wp-json\/wp\/v2\/media?parent=1024"}],"curies":[{"name":"wp","href":"https:\/\/api.w.org\/{rel}","templated":true}]}}