{"id":513,"date":"2014-10-25T19:36:16","date_gmt":"2014-10-25T19:36:16","guid":{"rendered":"http:\/\/www.laurenceaegerter.com\/newsite\/?page_id=513"},"modified":"2015-03-09T21:45:48","modified_gmt":"2015-03-09T21:45:48","slug":"temporary-stedelijk-nr-4","status":"publish","type":"page","link":"https:\/\/laurenceaegerter.com\/artwork\/temporary-stedelijk-nr-4\/","title":{"rendered":"Temporary Stedelijk nr.4"},"content":{"rendered":"<section  class='av_textblock_section av-av_textblock-0366cc7376be6c9e82a3e9cc8987b64f '   itemscope=\"itemscope\" itemtype=\"https:\/\/schema.org\/CreativeWork\" ><div class='avia_textblock'  itemprop=\"text\" ><h4>Temporary Stedelijk nr.4<\/h4>\n<p><em>Roos Menkhorst<\/em><\/p>\n<p>interview\u00a0Temporary Stedelijk (2012)<\/p>\n<\/div><\/section>\n<div  class='flex_column av-av_one_half-2a9015ff38129c418a3f2eafba3e9512 av_one_half  avia-builder-el-1  el_after_av_textblock  el_before_av_one_half  first flex_column_div  column-top-margin'     ><section  class='av_textblock_section av-av_textblock-0366cc7376be6c9e82a3e9cc8987b64f '   itemscope=\"itemscope\" itemtype=\"https:\/\/schema.org\/CreativeWork\" ><div class='avia_textblock'  itemprop=\"text\" ><p>In de gang van kunstenares Laurence A\u00ebgerter hangt een foto uit haar serie \u2018Hermitage, the Modernists\u2019. Te zien is een blonde vrouw, ze draagt een klassieke witte blouse. Met haar neus staat ze pal voor Andre Derains schilderij \u2018Girl in black\u2019: van Derains meisje in de stoel is haast niks meer te zien. \u2018Ik kijk iedere dag wel even naar dit beeld. Het bijzondere is: het wordt nooit saai,\u2019 zegt A\u00ebgerter aan haar keukentafel.<\/p>\n<p>\u2018Weg met die vrouw\u2019, zullen mensen instinctief denken als ze de vrouw zien staan voor het werk van Derain. In \u2018Hermitage, the modernists\u2019 plaatst Laurence A\u00ebgerter toeschouwers of objecten v\u00f3\u00f3r meesterwerken van bekende meesters Haar beelden maken je onrustig. Je blijft invullen wat er schuil gaat achter het personage op de foto. \u2018Het is niet af, dat maakt het voor mij interessant. Als ik er zelf naar kijk blijven mijn hersenen bezig met het compleet maken van wat er ontbreekt.\u2019<\/p>\n<p>A\u00ebgerter speelt met de vanzelfsprekende betekenis die we hebben toegekend aan de bekende meesterwerken. Door \u2018in te breken\u2019 in deze werken stelt de kunstenaar vragen over het oorspronkelijke. De werkelijkheid dringt zich aan ons op; we kijken mee met de museumbezoeker en zo ontstaat er een nieuw kunstwerk.<\/p>\n<p>In de Hermitage in Amsterdam maakte de kunstenaar tijdens twee lange avonden 1300 foto\u2019s van verschillende kunstwerken; met modellen ervoor of een object. Zo fotografeerde ze een doodgewone ladder uit het musuem voor een beroemd werk van Kadinsky. En een werk van Picasso (<em>Curtain)<\/em>\u00a0met een plastic vlieggordijn ervoor. Eerder werkte A\u00ebgerter al in het Louvre en het Rijksmuseum op deze manier. Het verschil is dat de figuren en de objecten in de Hermitage zijn gefotografeerd zonder illusionistisch perspectief. De schilderijen van de bekende modernisten zijn \u2018plat\u2019. Waar de modellen in het Louvre leken op te gaan in het \u2018schilderijlandschap\u2019 ontstaat er nu een spel tussen de vlaktes op de voor- en achtergrond.<\/p>\n<p>\u2018De vlieggordijnen zijn een herinnering uit mijn jeugd in Marseille. Ik dacht aan die gordijnen toen ik bezig was met dit project. Schilderijen uit de baroktijd hebben vaak gedrapeerde gordijnen. \u2018Tadaa\u2019, dat gevoel krijg je erbij. Die gedachte wilde ik meenemen. De vlieggordijnen zijn een knipoog naar mijn jeugd; ze staan voor mij symbool voor het toneel van het leven.\u2019<\/p>\n<p>Kunstenaar Laurence A\u00ebrgerter werd op haar dertigste geconfronteerd met dat wat ze het liefste wilde maar niet toeliet. Ze stopte met haar werk als kunsthistoricus en ze deed aanmelding bij de Gerrit Rietveld Academie in Amsterdam. \u2018Achteraf was het eigenlijk een heel bizar moment. Ik weet het nog goed, ik bezocht een tentoonstelling in het oude Stedelijk Museum toen ik plotseling heel erg buikpijn kreeg. Op dat moment wist ik: ik kies voor het kunstenaarschap.\u2019<\/p>\n<p>Vijf jaar is ze afgestudeerd. Daarvoor adviseerde ze veilinghuizen en verzamelaars over oude kunst uit de zeventiende eeuw. Maar eigenlijk zat \u2018het kunstenaar- zijn\u2019 altijd al in haar. Ze werkte zo tien jaar lang langzaam aan een uitgebreid portfolio. \u2018Maar sinds ik de beslissing heb genomen alleen nog kunst te maken is het hard gegaan.\u2019 De Fran\u00e7aise zit in haar keuken in de Amsterdamse Jordaan. Op tafel staat haar laptop. Het is haar archief vertelt ze terwijl ze een map opent op haar scherm: \u2018Alles wat wit is dat is af, dat wat oranje gemarkeerd is daar ben ik nu mee bezig en wat groen is daar heb ik nog niks aan gedaan.\u2019<\/p>\n<\/div><\/section><\/div><div  class='flex_column av-av_one_half-b51168870d26eac9084c0e2dc495efe0 av_one_half  avia-builder-el-3  el_after_av_one_half  avia-builder-el-last  flex_column_div  column-top-margin'     ><section  class='av_textblock_section av-av_textblock-0366cc7376be6c9e82a3e9cc8987b64f '   itemscope=\"itemscope\" itemtype=\"https:\/\/schema.org\/CreativeWork\" ><div class='avia_textblock'  itemprop=\"text\" ><p>Zoals ze haar projecten en idee\u00ebn per categorie ordent op haar laptop, zo doet ze dat ook met haar werk. Ze heeft een uitgesproken liefde voor structureren of ordenen, vertelt ze. Ze werkt graag met bestaande beelden, daarin legt ze het \u2018verhaal van het ogenblik\u2019 vast. Haar werk roept een gevoel van melancholie op; je voelt de heimwee naar een moment dat nooit meer terug zal keren.<\/p>\n<p style=\"color: #666666;\">De kunstenaar vangt deze momenten steeds in haar nieuwe werkelijkheid. Laurence: \u2018Het is zoals Lavoisier \u2013 een Franse scheikundige (1743-1794) \u2013 zei: \u2018Rien ne se perd, rien ne se cr\u00e9\u00e9. Tout se transforme.\u2019 (Niets gaat verloren, niets wordt gecre\u00eberd. Alles transformeert zich red.).\u2019 Ze vervolgt: \u2018Ik wil daarmee spelen, daarin springen.\u2019 Ze geloof niet in het concept \u2018nieuw\u2019: \u2018Voor mij bestaat dat niet; iedere streek die een kunstenaar zet is een bestaande beweging, met een bestaande kleur en bestaande materie.\u2019<\/p>\n<p style=\"color: #666666;\">Voor ze begon aan haar project in de Hermitage was er\u00a0180\u00b0 encyclopaedia (2007). Ze nam de zevenhonderd pagina\u2019s tellende encyclopedie uit haar jeugd en ze verving tweehonderd foto\u2019s. Het werden foto\u2019s van dezelfde locatie, alleen dan 180 graden gedraaid: \u2018Zo is de wereld ook als we hem omdraaien, dat wilde ik laten zien. Mijn encyclopedie bevraagt de objectiviteit van zo\u2019n naslagwerk.\u2019<\/p>\n<p>Haar fascinatie om te spelen met het oorspronkelijk en ons collectief geheugen loopt als een rode draad door haar leven. \u2018Als pubermeisje had ik een haat \u2013 liefde \u2013 verhouding met mijn encyclopedie. Ik verheugde mij op de wereld en op alles wat in het boek stond beschreven ook zelf te mogen meemaken. Aan de andere kant dacht ik: \u2018Wie ben jij om mij te vertellen hoe de wereld in elkaar steekt?\u2019 Er zat een soort rebellie in.\u2019<\/p>\n<p>Met 180\u00b0 encyclopaedia zet\u00a0A\u00ebrgerter de wereld naar haar hand. Ze vroeg haar vrienden en kennissen overal ter wereld foto\u2019s voor haar te maken. Onder het kopje \u2018Ruines de chateau\u2019 staan in haar encyclopedie nu een foto van een tent. Of er is een restaurant te zien. Dat het beeld 180 graden gedraaid was de enige vereiste. \u2018Een paar keer heb ik gehad dat vrienden zich hadden vergist. Waren ze helemaal in Brazili\u00eb geweest, hadden ze vergeten zich om te draaien..\u2019<\/p>\n<p>Tijdens haar zoektocht naar nieuwe beelden, het hele proces van opnieuw ordenen stuitte ze voortdurend op reproducties van bekende kunstwerken. \u2018Dat wil ik ook, dat is het volgende,\u2019 dacht ze. Ze gaf zichzelf de opdracht in een dag tijd alle schilderijen in het Louvre uit haar eigen catalogus te fotograferen. \u2018In een dag kreeg ik niet alles gefotografeerd. Maar wat niet lukte heb ik onveranderd gelaten. Dat is de werkelijkheid van het moment, daar houd ik van.\u2019<\/p>\n<p>Na het Louvre volgde het Rijksmuseum en uiteindelijk de Hermitage. In haar werk zitten elementen die terugkeren: zowel in haar klassieke kunstreproducties als in haar\u00a0<em>stills\u00a0<\/em>uit bestaande kareokevideo\u2019s (LA LA LA LA, 2006). Voor haar project KP23 (2009) projecteerde A\u00ebrgerter verschillende beelden \u2013 van een zwembad, een D\u00f6nerzaak of een klooster \u2013 op steeds dezelfde muur van een peeskamer. Haar werk is niet in een zin te vangen, en dat wil ze ook niet: \u2018Het zijn allemaal objecten en beelden die me raken. Mijn werk is daardoor heel autobiografisch.\u2019<\/p>\n<\/div><\/section><\/div><\/p>\n","protected":false},"excerpt":{"rendered":"","protected":false},"author":1,"featured_media":0,"parent":0,"menu_order":29,"comment_status":"open","ping_status":"closed","template":"","meta":{"_exactmetrics_skip_tracking":false,"_exactmetrics_sitenote_active":false,"_exactmetrics_sitenote_note":"","_exactmetrics_sitenote_category":0,"jetpack_post_was_ever_published":false,"footnotes":""},"class_list":["post-513","page","type-page","status-publish","hentry"],"yoast_head":"<!-- This site is optimized with the Yoast SEO plugin v27.4 - https:\/\/yoast.com\/product\/yoast-seo-wordpress\/ -->\n<title>Temporary Stedelijk nr.4 - Laurence A\u00ebgerter<\/title>\n<meta name=\"robots\" content=\"index, follow, max-snippet:-1, max-image-preview:large, max-video-preview:-1\" \/>\n<link rel=\"canonical\" href=\"https:\/\/laurenceaegerter.com\/artwork\/temporary-stedelijk-nr-4\/\" \/>\n<meta property=\"og:locale\" content=\"en_US\" \/>\n<meta property=\"og:type\" content=\"article\" \/>\n<meta property=\"og:title\" content=\"Temporary Stedelijk nr.4 - Laurence A\u00ebgerter\" \/>\n<meta property=\"og:url\" content=\"https:\/\/laurenceaegerter.com\/artwork\/temporary-stedelijk-nr-4\/\" \/>\n<meta property=\"og:site_name\" content=\"Laurence A\u00ebgerter\" \/>\n<meta property=\"article:modified_time\" content=\"2015-03-09T21:45:48+00:00\" \/>\n<meta name=\"twitter:label1\" content=\"Est. reading time\" \/>\n\t<meta name=\"twitter:data1\" content=\"6 minutes\" \/>\n<script type=\"application\/ld+json\" class=\"yoast-schema-graph\">{\"@context\":\"https:\\\/\\\/schema.org\",\"@graph\":[{\"@type\":\"WebPage\",\"@id\":\"https:\\\/\\\/laurenceaegerter.com\\\/artwork\\\/temporary-stedelijk-nr-4\\\/\",\"url\":\"https:\\\/\\\/laurenceaegerter.com\\\/artwork\\\/temporary-stedelijk-nr-4\\\/\",\"name\":\"Temporary Stedelijk nr.4 - Laurence A\u00ebgerter\",\"isPartOf\":{\"@id\":\"https:\\\/\\\/laurenceaegerter.com\\\/artwork\\\/#website\"},\"datePublished\":\"2014-10-25T19:36:16+00:00\",\"dateModified\":\"2015-03-09T21:45:48+00:00\",\"breadcrumb\":{\"@id\":\"https:\\\/\\\/laurenceaegerter.com\\\/artwork\\\/temporary-stedelijk-nr-4\\\/#breadcrumb\"},\"inLanguage\":\"en-US\",\"potentialAction\":[{\"@type\":\"ReadAction\",\"target\":[\"https:\\\/\\\/laurenceaegerter.com\\\/artwork\\\/temporary-stedelijk-nr-4\\\/\"]}]},{\"@type\":\"BreadcrumbList\",\"@id\":\"https:\\\/\\\/laurenceaegerter.com\\\/artwork\\\/temporary-stedelijk-nr-4\\\/#breadcrumb\",\"itemListElement\":[{\"@type\":\"ListItem\",\"position\":1,\"name\":\"Home\",\"item\":\"https:\\\/\\\/laurenceaegerter.com\\\/artwork\\\/\"},{\"@type\":\"ListItem\",\"position\":2,\"name\":\"Temporary Stedelijk nr.4\"}]},{\"@type\":\"WebSite\",\"@id\":\"https:\\\/\\\/laurenceaegerter.com\\\/artwork\\\/#website\",\"url\":\"https:\\\/\\\/laurenceaegerter.com\\\/artwork\\\/\",\"name\":\"Laurence A\u00ebgerter\",\"description\":\"laur10\",\"potentialAction\":[{\"@type\":\"SearchAction\",\"target\":{\"@type\":\"EntryPoint\",\"urlTemplate\":\"https:\\\/\\\/laurenceaegerter.com\\\/artwork\\\/?s={search_term_string}\"},\"query-input\":{\"@type\":\"PropertyValueSpecification\",\"valueRequired\":true,\"valueName\":\"search_term_string\"}}],\"inLanguage\":\"en-US\"}]}<\/script>\n<!-- \/ Yoast SEO plugin. -->","yoast_head_json":{"title":"Temporary Stedelijk nr.4 - Laurence A\u00ebgerter","robots":{"index":"index","follow":"follow","max-snippet":"max-snippet:-1","max-image-preview":"max-image-preview:large","max-video-preview":"max-video-preview:-1"},"canonical":"https:\/\/laurenceaegerter.com\/artwork\/temporary-stedelijk-nr-4\/","og_locale":"en_US","og_type":"article","og_title":"Temporary Stedelijk nr.4 - Laurence A\u00ebgerter","og_url":"https:\/\/laurenceaegerter.com\/artwork\/temporary-stedelijk-nr-4\/","og_site_name":"Laurence A\u00ebgerter","article_modified_time":"2015-03-09T21:45:48+00:00","twitter_misc":{"Est. reading time":"6 minutes"},"schema":{"@context":"https:\/\/schema.org","@graph":[{"@type":"WebPage","@id":"https:\/\/laurenceaegerter.com\/artwork\/temporary-stedelijk-nr-4\/","url":"https:\/\/laurenceaegerter.com\/artwork\/temporary-stedelijk-nr-4\/","name":"Temporary Stedelijk nr.4 - Laurence A\u00ebgerter","isPartOf":{"@id":"https:\/\/laurenceaegerter.com\/artwork\/#website"},"datePublished":"2014-10-25T19:36:16+00:00","dateModified":"2015-03-09T21:45:48+00:00","breadcrumb":{"@id":"https:\/\/laurenceaegerter.com\/artwork\/temporary-stedelijk-nr-4\/#breadcrumb"},"inLanguage":"en-US","potentialAction":[{"@type":"ReadAction","target":["https:\/\/laurenceaegerter.com\/artwork\/temporary-stedelijk-nr-4\/"]}]},{"@type":"BreadcrumbList","@id":"https:\/\/laurenceaegerter.com\/artwork\/temporary-stedelijk-nr-4\/#breadcrumb","itemListElement":[{"@type":"ListItem","position":1,"name":"Home","item":"https:\/\/laurenceaegerter.com\/artwork\/"},{"@type":"ListItem","position":2,"name":"Temporary Stedelijk nr.4"}]},{"@type":"WebSite","@id":"https:\/\/laurenceaegerter.com\/artwork\/#website","url":"https:\/\/laurenceaegerter.com\/artwork\/","name":"Laurence A\u00ebgerter","description":"laur10","potentialAction":[{"@type":"SearchAction","target":{"@type":"EntryPoint","urlTemplate":"https:\/\/laurenceaegerter.com\/artwork\/?s={search_term_string}"},"query-input":{"@type":"PropertyValueSpecification","valueRequired":true,"valueName":"search_term_string"}}],"inLanguage":"en-US"}]}},"jetpack_sharing_enabled":true,"jetpack_shortlink":"https:\/\/wp.me\/P9O3R8-8h","_links":{"self":[{"href":"https:\/\/laurenceaegerter.com\/artwork\/wp-json\/wp\/v2\/pages\/513","targetHints":{"allow":["GET"]}}],"collection":[{"href":"https:\/\/laurenceaegerter.com\/artwork\/wp-json\/wp\/v2\/pages"}],"about":[{"href":"https:\/\/laurenceaegerter.com\/artwork\/wp-json\/wp\/v2\/types\/page"}],"author":[{"embeddable":true,"href":"https:\/\/laurenceaegerter.com\/artwork\/wp-json\/wp\/v2\/users\/1"}],"replies":[{"embeddable":true,"href":"https:\/\/laurenceaegerter.com\/artwork\/wp-json\/wp\/v2\/comments?post=513"}],"version-history":[{"count":3,"href":"https:\/\/laurenceaegerter.com\/artwork\/wp-json\/wp\/v2\/pages\/513\/revisions"}],"predecessor-version":[{"id":1679,"href":"https:\/\/laurenceaegerter.com\/artwork\/wp-json\/wp\/v2\/pages\/513\/revisions\/1679"}],"wp:attachment":[{"href":"https:\/\/laurenceaegerter.com\/artwork\/wp-json\/wp\/v2\/media?parent=513"}],"curies":[{"name":"wp","href":"https:\/\/api.w.org\/{rel}","templated":true}]}}