{"id":567,"date":"2014-10-26T10:20:47","date_gmt":"2014-10-26T10:20:47","guid":{"rendered":"http:\/\/www.laurenceaegerter.com\/newsite\/?page_id=567"},"modified":"2015-03-09T21:45:48","modified_gmt":"2015-03-09T21:45:48","slug":"kunsthuis-syb-lilian-bense-2010","status":"publish","type":"page","link":"https:\/\/laurenceaegerter.com\/artwork\/kunsthuis-syb-lilian-bense-2010\/","title":{"rendered":"Kunsthuis SYB, Lilian Bense 2010"},"content":{"rendered":"<section  class='av_textblock_section av-av_textblock-0366cc7376be6c9e82a3e9cc8987b64f '   itemscope=\"itemscope\" itemtype=\"https:\/\/schema.org\/CreativeWork\" ><div class='avia_textblock'  itemprop=\"text\" ><h4>Tristes Tropiques: Illustrations hors texte<\/h4>\n<p><em>Lilian Bense &#8211;\u00a0Kunsthuis SYB<\/em><\/p>\n<p>2010<\/p>\n<\/div><\/section>\n<div  class='flex_column av-av_one_half-2a9015ff38129c418a3f2eafba3e9512 av_one_half  avia-builder-el-1  el_after_av_textblock  el_before_av_one_half  first flex_column_div  column-top-margin'     ><section  class='av_textblock_section av-av_textblock-0366cc7376be6c9e82a3e9cc8987b64f '   itemscope=\"itemscope\" itemtype=\"https:\/\/schema.org\/CreativeWork\" ><div class='avia_textblock'  itemprop=\"text\" ><p><strong>Laurence A\u00ebgerter (Marseille, 1972) en Ronald van Tienhoven (Den Haag,1956) nodigde in het kader van hun Art in Residency- project de inwoners van Beetsterzwaag en omstreken uit om mee te doen aan hun project\u00a0<em>Tristes Tropiques: Illustrations hors texte<\/em>. Een directe \u2018re-enactment\u2019 van de beelden uit een publicatie van\u00a0Claude L\u00e9vi-Strauss uit 1955.<\/strong><\/p>\n<p>Eigenlijk was hij ook een soort \u2018artist in residence\u2019 toen hij zich maandenlang onderdom-pelde in het maatschappelijke leven van drie indianenstammen in het Amazonegebied.\u00a0De Franse cultureel antropoloog\u00a0Claude L\u00e9vi-Strauss (Brussel, 1908 &#8211; Parijs, 2009) vertrok in 1935 naar Brazili\u00eb om filosofie te doceren aan de universiteit van S\u00e3o Paulo. In zijn vrije tijd begaf hij zich tussen de indianen. Om zich als vreemdeling in te leven in het gedrag van deze etnische volkeren en zodoende te bestuderen wat het westerse idee van \u2018ik\u2019 en \u2018de ander\u2019 nou eigenlijk precies inhoudt. Aan de hand van zijn ervaringen kwam hij tot de conclusie dat er helemaal niet zoiets bestaat als een \u2018primitieve\u2019 cultuur.<\/p>\n<p>Van zijn bevindingen deed hij verslag in het boek \u2018Tristes Tropiques\u2019, oftewel \u2018Het trieste der tropen\u2019, dat verscheen in 1955. Bovendien maakte hij tijdens zijn verblijf een indrukwekkend intieme fotoreportage van de verschillende stammen. Deze foto\u2019s zijn terug te vinden in het laatste hoofdstuk van het essay. \u2018Illustrations hors texte\u2019\u00a0bestaat uit 63 zwart-wit foto\u2019s en een genummerde index met beknopte beschrijvingen.<\/p>\n<p>Zestig jaar later zijn de bedenkingen van L\u00e9vi-Strauss nog steeds even relevant. Het westers geori\u00ebnteerde denken staat inmiddels immers behoorlijk op de tocht. In het verlengde van zijn reflecties leveren de huidige kunstenaars in residence Laurence A\u00ebgerter (Marseille, 1972) en Ronald van Tienhoven (Den Haag,1956) door middel van hun gelijknamige project en publicatie \u2018Tristes Tropiques: Illustrations hors texte\u2019\u00a0hun bijdrage aan deze discussie. Alle illustraties uit het boek hebben ze zorgvuldig vervangen met een door hun zelf geproduceerde facsimile -een term afkomstig van het Latijnse\u00a0fac simile, wat letterlijk \u2018maak gelijkend\u2019 betekent- die plaats vindt in de omgeving van Beetsterzwaag. Als in een\u00a0tableau vivant<em>\u00a0<\/em>komen de beelden opnieuw tot leven met behulp van de inwoners uit de nabije omgeving die zich voor een dagje verplaatsten in de geest van een extravagante amazone-indiaan. De kunstenaars hebben er zo dus voor gekozen de omgeving te leren kennen aan de hand van nieuwe, door hun opgestelde spelregels.<\/p>\n<p>Zoals bij de meeste \u2018re-enactments\u2019 is ook hier het eindresultaat vrij gedetailleerd. De compositie, lichaamshouding en gezichtsexpressie op de oorspronkelijke foto\u2019s vormen een zeer strikte leidraad. Uiteindelijk waren de specifieke gezichtsuitdrukking en de handelingen immers cruciaal bij L\u00e9vi-Strauss\u2019 antropologische ontdekkingsreis. Ook wat betreft locatie is er gestreefd naar een zekere picturale overeenkomst. Wat uiteindelijk leidt tot een zo precies mogelijke reconstructie van het origineel. De nieuwe foto\u2019s houden zelfs hun oorspronkelijke Franstalige onderschriften in de nieuwe publicatie.<\/p>\n<\/div><\/section><\/div><div  class='flex_column av-av_one_half-b51168870d26eac9084c0e2dc495efe0 av_one_half  avia-builder-el-3  el_after_av_one_half  avia-builder-el-last  flex_column_div  column-top-margin'     ><section  class='av_textblock_section av-av_textblock-0366cc7376be6c9e82a3e9cc8987b64f '   itemscope=\"itemscope\" itemtype=\"https:\/\/schema.org\/CreativeWork\" ><div class='avia_textblock'  itemprop=\"text\" ><p>In Kunsthuis SYB wordt een\u00a0presentatie getoond van alle bladzijden en 63 afbeeldingen, met oorspronkelijke teksten.\u00a0Deze digitale presentatie kan worden gezien als een voorproefje op de publicatie. Het is natuurlijk niet de eerste keer dat kunstenaars zich op deze manier verhouden tot reeds bestaande beelden, en waarschijnlijk ook niet de laatste. Zo zorgde de Canadese fotograaf Jeff Wall al jaren geleden voor behoorlijk wat opschudding toen hij zijn acteurs Manet\u2019s \u2018Dejeuner sur l\u2019 herbe\u2019 liet naspelen. Ook Bill Viola baseerde zijn wereldberoemde video- werk \u2018The Greeting\u2019 op een zestiende -eeuws schilderij van Jacopo da Pontormo, waarop de visitatie -het moment dat Maria aan Elizabeth vertelt dat ze in verwachting is-\u00a0in beeld is gebracht.<\/p>\n<p>Hoewel de vorm op zich dus niet als zodanig indruk maakt, doet het eindresultaat dat des te meer. Uit de beelden spreekt vooral pure rust en gemak. Een staat van zijn die zelfs invloed lijkt te hebben op de gemoedstoestand van de toeschouwer. Je raakt bijna jaloers op de personages die geen enkele vorm van stress lijken te ervaren en zich geheel hebben neergelegd bij hun situatie. De personen lijken zich allerminst ongemakkelijk te voelen, ondanks het feit dat ze naakt zijn. Iets wat in onze westerse samenleving toch niet zo heel vaak meer als \u2018normaal\u2019 wordt ervaren. Mooi is vooral de foto waarop het instinctieve groepsgebeuren en gevoel van saamhorigheid naar voren komt. Mensen voelen zich veiliger in elkaars bijzijn. Een oerinstinct waaraan we tegenwoordig in ons dagelijks leven nogal eens voorbij lijken te gaan.<\/p>\n<p>A\u00ebgerter en Van Tienhoven delen een interesse in de betekenis van fotografie in een historische en documentaire context. De twee streven ernaar \u2018een driehoek te vormen van drie reflecties: die van een kunsthistorica met fotografie als specialisatie, een antropoloog\/etnograaf gespecialiseerd in visuele antropologie, en een fotograaf die ervaring heeft met documentaire fotografie in een etnografische context.\u2019 Het blijkt een interessante samenkomst: het resultaat is immers noch documentaire- fotografie, noch werkelijk gebaseerd op historische gebeurtenissen. Er is zowaar een combinatie ontstaan die een nieuwe esthetiek mogelijk maakt.<\/p>\n<\/div><\/section><\/div><\/p>\n","protected":false},"excerpt":{"rendered":"","protected":false},"author":1,"featured_media":0,"parent":0,"menu_order":26,"comment_status":"open","ping_status":"closed","template":"","meta":{"_exactmetrics_skip_tracking":false,"_exactmetrics_sitenote_active":false,"_exactmetrics_sitenote_note":"","_exactmetrics_sitenote_category":0,"jetpack_post_was_ever_published":false,"footnotes":""},"class_list":["post-567","page","type-page","status-publish","hentry"],"yoast_head":"<!-- This site is optimized with the Yoast SEO plugin v27.4 - https:\/\/yoast.com\/product\/yoast-seo-wordpress\/ -->\n<title>Kunsthuis SYB, Lilian Bense 2010 - Laurence A\u00ebgerter<\/title>\n<meta name=\"robots\" content=\"index, follow, max-snippet:-1, max-image-preview:large, max-video-preview:-1\" \/>\n<link rel=\"canonical\" href=\"https:\/\/laurenceaegerter.com\/artwork\/kunsthuis-syb-lilian-bense-2010\/\" \/>\n<meta property=\"og:locale\" content=\"en_US\" \/>\n<meta property=\"og:type\" content=\"article\" \/>\n<meta property=\"og:title\" content=\"Kunsthuis SYB, Lilian Bense 2010 - Laurence A\u00ebgerter\" \/>\n<meta property=\"og:url\" content=\"https:\/\/laurenceaegerter.com\/artwork\/kunsthuis-syb-lilian-bense-2010\/\" \/>\n<meta property=\"og:site_name\" content=\"Laurence A\u00ebgerter\" \/>\n<meta property=\"article:modified_time\" content=\"2015-03-09T21:45:48+00:00\" \/>\n<meta name=\"twitter:label1\" content=\"Est. reading time\" \/>\n\t<meta name=\"twitter:data1\" content=\"4 minutes\" \/>\n<script type=\"application\/ld+json\" class=\"yoast-schema-graph\">{\"@context\":\"https:\\\/\\\/schema.org\",\"@graph\":[{\"@type\":\"WebPage\",\"@id\":\"https:\\\/\\\/laurenceaegerter.com\\\/artwork\\\/kunsthuis-syb-lilian-bense-2010\\\/\",\"url\":\"https:\\\/\\\/laurenceaegerter.com\\\/artwork\\\/kunsthuis-syb-lilian-bense-2010\\\/\",\"name\":\"Kunsthuis SYB, Lilian Bense 2010 - Laurence A\u00ebgerter\",\"isPartOf\":{\"@id\":\"https:\\\/\\\/laurenceaegerter.com\\\/artwork\\\/#website\"},\"datePublished\":\"2014-10-26T10:20:47+00:00\",\"dateModified\":\"2015-03-09T21:45:48+00:00\",\"breadcrumb\":{\"@id\":\"https:\\\/\\\/laurenceaegerter.com\\\/artwork\\\/kunsthuis-syb-lilian-bense-2010\\\/#breadcrumb\"},\"inLanguage\":\"en-US\",\"potentialAction\":[{\"@type\":\"ReadAction\",\"target\":[\"https:\\\/\\\/laurenceaegerter.com\\\/artwork\\\/kunsthuis-syb-lilian-bense-2010\\\/\"]}]},{\"@type\":\"BreadcrumbList\",\"@id\":\"https:\\\/\\\/laurenceaegerter.com\\\/artwork\\\/kunsthuis-syb-lilian-bense-2010\\\/#breadcrumb\",\"itemListElement\":[{\"@type\":\"ListItem\",\"position\":1,\"name\":\"Home\",\"item\":\"https:\\\/\\\/laurenceaegerter.com\\\/artwork\\\/\"},{\"@type\":\"ListItem\",\"position\":2,\"name\":\"Kunsthuis SYB, Lilian Bense 2010\"}]},{\"@type\":\"WebSite\",\"@id\":\"https:\\\/\\\/laurenceaegerter.com\\\/artwork\\\/#website\",\"url\":\"https:\\\/\\\/laurenceaegerter.com\\\/artwork\\\/\",\"name\":\"Laurence A\u00ebgerter\",\"description\":\"laur10\",\"potentialAction\":[{\"@type\":\"SearchAction\",\"target\":{\"@type\":\"EntryPoint\",\"urlTemplate\":\"https:\\\/\\\/laurenceaegerter.com\\\/artwork\\\/?s={search_term_string}\"},\"query-input\":{\"@type\":\"PropertyValueSpecification\",\"valueRequired\":true,\"valueName\":\"search_term_string\"}}],\"inLanguage\":\"en-US\"}]}<\/script>\n<!-- \/ Yoast SEO plugin. -->","yoast_head_json":{"title":"Kunsthuis SYB, Lilian Bense 2010 - Laurence A\u00ebgerter","robots":{"index":"index","follow":"follow","max-snippet":"max-snippet:-1","max-image-preview":"max-image-preview:large","max-video-preview":"max-video-preview:-1"},"canonical":"https:\/\/laurenceaegerter.com\/artwork\/kunsthuis-syb-lilian-bense-2010\/","og_locale":"en_US","og_type":"article","og_title":"Kunsthuis SYB, Lilian Bense 2010 - Laurence A\u00ebgerter","og_url":"https:\/\/laurenceaegerter.com\/artwork\/kunsthuis-syb-lilian-bense-2010\/","og_site_name":"Laurence A\u00ebgerter","article_modified_time":"2015-03-09T21:45:48+00:00","twitter_misc":{"Est. reading time":"4 minutes"},"schema":{"@context":"https:\/\/schema.org","@graph":[{"@type":"WebPage","@id":"https:\/\/laurenceaegerter.com\/artwork\/kunsthuis-syb-lilian-bense-2010\/","url":"https:\/\/laurenceaegerter.com\/artwork\/kunsthuis-syb-lilian-bense-2010\/","name":"Kunsthuis SYB, Lilian Bense 2010 - Laurence A\u00ebgerter","isPartOf":{"@id":"https:\/\/laurenceaegerter.com\/artwork\/#website"},"datePublished":"2014-10-26T10:20:47+00:00","dateModified":"2015-03-09T21:45:48+00:00","breadcrumb":{"@id":"https:\/\/laurenceaegerter.com\/artwork\/kunsthuis-syb-lilian-bense-2010\/#breadcrumb"},"inLanguage":"en-US","potentialAction":[{"@type":"ReadAction","target":["https:\/\/laurenceaegerter.com\/artwork\/kunsthuis-syb-lilian-bense-2010\/"]}]},{"@type":"BreadcrumbList","@id":"https:\/\/laurenceaegerter.com\/artwork\/kunsthuis-syb-lilian-bense-2010\/#breadcrumb","itemListElement":[{"@type":"ListItem","position":1,"name":"Home","item":"https:\/\/laurenceaegerter.com\/artwork\/"},{"@type":"ListItem","position":2,"name":"Kunsthuis SYB, Lilian Bense 2010"}]},{"@type":"WebSite","@id":"https:\/\/laurenceaegerter.com\/artwork\/#website","url":"https:\/\/laurenceaegerter.com\/artwork\/","name":"Laurence A\u00ebgerter","description":"laur10","potentialAction":[{"@type":"SearchAction","target":{"@type":"EntryPoint","urlTemplate":"https:\/\/laurenceaegerter.com\/artwork\/?s={search_term_string}"},"query-input":{"@type":"PropertyValueSpecification","valueRequired":true,"valueName":"search_term_string"}}],"inLanguage":"en-US"}]}},"jetpack_sharing_enabled":true,"jetpack_shortlink":"https:\/\/wp.me\/P9O3R8-99","_links":{"self":[{"href":"https:\/\/laurenceaegerter.com\/artwork\/wp-json\/wp\/v2\/pages\/567","targetHints":{"allow":["GET"]}}],"collection":[{"href":"https:\/\/laurenceaegerter.com\/artwork\/wp-json\/wp\/v2\/pages"}],"about":[{"href":"https:\/\/laurenceaegerter.com\/artwork\/wp-json\/wp\/v2\/types\/page"}],"author":[{"embeddable":true,"href":"https:\/\/laurenceaegerter.com\/artwork\/wp-json\/wp\/v2\/users\/1"}],"replies":[{"embeddable":true,"href":"https:\/\/laurenceaegerter.com\/artwork\/wp-json\/wp\/v2\/comments?post=567"}],"version-history":[{"count":2,"href":"https:\/\/laurenceaegerter.com\/artwork\/wp-json\/wp\/v2\/pages\/567\/revisions"}],"predecessor-version":[{"id":1670,"href":"https:\/\/laurenceaegerter.com\/artwork\/wp-json\/wp\/v2\/pages\/567\/revisions\/1670"}],"wp:attachment":[{"href":"https:\/\/laurenceaegerter.com\/artwork\/wp-json\/wp\/v2\/media?parent=567"}],"curies":[{"name":"wp","href":"https:\/\/api.w.org\/{rel}","templated":true}]}}